{"id":496,"date":"2019-02-03T07:36:56","date_gmt":"2019-02-03T06:36:56","guid":{"rendered":"http:\/\/www.hotelsymfonia.pl\/kontakt\/"},"modified":"2019-11-05T05:17:57","modified_gmt":"2019-11-05T04:17:57","slug":"contact","status":"publish","type":"page","link":"https:\/\/www.hotelsymfonia.pl\/en\/contact\/","title":{"rendered":"Contact"},"content":{"rendered":"<!--themify_builder_content-->\n<div id=\"themify_builder_content-496\" data-postid=\"496\" class=\"themify_builder_content themify_builder_content-496 themify_builder tf_clear\">\n                    <div  data-css_id=\"898ff49\" data-lazy=\"1\" class=\"module_row themify_builder_row fullwidth_row_container tb_898ff49 tb_first tf_w\">\n                        <div class=\"row_inner gutter-none col_align_middle tb_col_count_2 tf_box tf_rel\">\n                        <div  data-lazy=\"1\" class=\"module_column tb-column col4-2 tb_ad5019c first\">\n                    <!-- module text -->\n<div  class=\"module module-text tb_273b614  repeat \" data-lazy=\"1\">\n        <div  class=\"tb_text_wrap\">\n        <h3>Hotel Symfonia ***<\/h3>\n<p>ONLY 15 MINUTES WAY FROM WIELU\u0143 AND 30 MINUTES WAY FROM BE\u0141CHAT\u00d3W<\/p>    <\/div>\n<\/div>\n<!-- \/module text -->        <\/div>\n                    <div  data-lazy=\"1\" class=\"module_column tb-column col4-2 tb_916b74a last\">\n                    <!-- module image -->\n<div  class=\"module module-image tb_534ed3f image-top   auto_fullwidth tf_mw\" data-lazy=\"1\">\n        <div class=\"image-wrap tf_rel tf_mw\">\n            <img loading=\"lazy\" decoding=\"async\" src=\"http:\/\/www.hotelsymfonia.pl\/wp-content\/uploads\/2019\/10\/wesele-w-hotelu-symfonia-21.jpg\" width=\"798\" height=\"480\" title=\"Contact\" alt=\"Contact\">    \n        <\/div>\n    <!-- \/image-wrap -->\n    \n        <\/div>\n<!-- \/module image -->        <\/div>\n                        <\/div>\n        <\/div>\n                        <div  data-lazy=\"1\" class=\"module_row themify_builder_row tb_47bf1fb tf_w\">\n                        <div class=\"row_inner col_align_top tb_col_count_1 tf_box tf_rel\">\n                        <div  data-lazy=\"1\" class=\"module_column tb-column col-full tb_73b1980 first\">\n                            <div  data-lazy=\"1\" class=\"module_subrow themify_builder_sub_row tf_w col_align_top tb_col_count_2 tb_55d8295\">\n                <div  data-lazy=\"1\" class=\"module_column sub_column col3-1 tb_ee01642 first\">\n                    <!-- module fancy heading -->\n<div  class=\"module module-fancy-heading tb_po8024 \" data-lazy=\"1\">\n        <h1 class=\"fancy-heading tf_textc\">\n    <span class=\"main-head tf_block\">\n                    Quick contact            <\/span>\n\n    \n    <span class=\"sub-head tf_block tf_rel\">\n                                <\/span>\n    <\/h1>\n<\/div>\n<!-- \/module fancy heading -->\n<!-- module text -->\n<div  class=\"module module-text tb_orss55  repeat \" data-lazy=\"1\">\n        <div  class=\"tb_text_wrap\">\n        <p><i class=\"fas fa-phone ui\"><\/i> <a href=\"tel:+48438453550\">+48 43 845 35 50<\/a><\/p>\n<p><i class=\"fas fa-mobile-alt ui\"><\/i> <a href=\"tel:+48512091215\">+48 512 091 215<\/a><\/p>\n<p><i class=\"fas fa-fax ui\"><\/i> <a href=\"+48438453590\">+48 43 845 35 90<\/a><\/p>\n<p><i class=\"fas fa-envelope-open-text\"><\/i> <a href=\"mailto:marketing@hotelsymfonia.pl\">marketing@hotelsymfonia.pl<\/a><\/p>\n    <\/div>\n<\/div>\n<!-- \/module text -->        <\/div>\n                    <div  data-lazy=\"1\" class=\"module_column sub_column col3-2 tb_1b378f4 last\">\n                    <!-- module contact -->\n<div  id=\"tb_d617393\" class=\"module module-contact tb_d617393 contact-style2 \" data-lazy=\"1\">\n    \n\t<form class=\"builder-contact\"\n\t\tid=\"tb_d617393-form\"\n\t\tmethod=\"post\"\n\t\tdata-post-id=\"496\"\n\t\tdata-element-id=\"d617393\"\n\t\tdata-orig-id=\"496\"\n\t>\n    <div class=\"contact-message\"><\/div>\n\t<div class=\"builder-contact-fields tf_rel\">\n\t\t    \t\t    <div class=\"builder-contact-field builder-contact-field-name builder-contact-text-field\">\n\t\t\t    <label class=\"control-label\" for=\"tb_d617393-contact-name\">\n\t\t\t\t\t\t\t\t\t\t<span class=\"tb-label-span\">Name <\/span>\t\t\t\t<\/label>\n\t\t\t    <div class=\"control-input tf_rel\">\n\t\t\t\t    \t\t\t\t\t    <input type=\"text\" name=\"contact-name\" placeholder=\"\" id=\"tb_d617393-contact-name\" value=\"\" class=\"form-control\" >\n\t\t\t\t    \t\t\t\t    \t\t\t    <\/div>\n\t\t<\/div>\n\t    \n\t\t    \t\t    <div class=\"builder-contact-field builder-contact-field-email builder-contact-text-field\">\n\t\t\t    <label class=\"control-label\" for=\"tb_d617393-contact-email\">\n\t\t\t\t\t\t\t\t\t\t<span class=\"tb-label-span\">Email <\/span>\t\t\t\t<\/label>\n\t\t\t    <div class=\"control-input tf_rel\">\n\t\t\t\t    \t\t\t\t\t    <input type=\"email\" name=\"contact-email\" placeholder=\"\" id=\"tb_d617393-contact-email\" value=\"\" class=\"form-control\" >\n\t\t\t\t    \t\t\t\t    \t\t\t    <\/div>\n\t\t<\/div>\n\t    \n\t\t    \t\t    \t\t    <div class=\"builder-contact-field builder-contact-field-extra builder-contact-text-field builder-contact-tel-field\">\n\t\t\t\t\n\t\t\t\t<label class=\"control-label\" for=\"field_extra_tb_d617393_0\">\n\t\t\t\t\t\n\t\t\t\t\tPhone number\t\t\t\t\t\t\t\t\t\t\t<input type=\"hidden\" name=\"field_extra_name_0\" value=\"Phone number\">\n\t\t\t\t\t\t\t\t\t<\/label>\n\t\t\t\t<div class=\"control-input tf_rel\">\n\t\t\t\t\t\t\t\t\t\t\t<input type=\"tel\" name=\"field_extra_0\" id=\"field_extra_tb_d617393_0\" placeholder=\"\" class=\"form-control\">\n\t\t\t\t\t\n\t\t\t\t\t\t\t\t\t<\/div>\n\t\t    <\/div>\n\t    \n\t\t    \t\t    <div class=\"builder-contact-field builder-contact-field-message builder-contact-textarea-field\">\n\t\t\t    <label class=\"control-label\" for=\"tb_d617393-contact-message\">\n\t\t\t\t\t\t\t\t\t\t<span class=\"tb-label-span\">Message <\/span>\t\t\t\t<\/label>\n\t\t\t    <div class=\"control-input tf_rel\">\n\t\t\t\t    \t\t\t\t\t    <textarea name=\"contact-message\" placeholder=\"\" id=\"tb_d617393-contact-message\" class=\"form-control\"><\/textarea>\n\t\t\t\t    \t\t\t\t    \t\t\t    <\/div>\n\t\t<\/div>\n\t    \n\t\t    \t\t\n\t\t\n\t    \n\t    <div class=\"builder-contact-field builder-contact-field-send control-input tf_textc tf_clear tf_rel\">\n\t\t\t<button type=\"submit\" class=\"btn btn-primary\">\n\t\t\t\t<span class=\"tf_loader\"><\/span>\t\t\t\t<span class=\"tf_submit_icon\"><\/span> \n\t\t\t\tSend message\t\t\t<\/button>\n\t    <\/div>\n\t<\/div>\n    <\/form>\n    <\/div>\n<!-- \/module contact -->\n        <\/div>\n                    <\/div>\n                <\/div>\n                        <\/div>\n        <\/div>\n                        <div  data-lazy=\"1\" class=\"module_row themify_builder_row tb_r40r534 tf_w\">\n                        <div class=\"row_inner col_align_top tb_col_count_1 tf_box tf_rel\">\n                        <div  data-lazy=\"1\" class=\"module_column tb-column col-full tb_u6x0535 first\">\n                    <!-- module text -->\n<div  class=\"module module-text tb_2maq907   \" data-lazy=\"1\">\n        <div  class=\"tb_text_wrap\">\n        <p><iframe loading=\"lazy\" width=\"100%\" height=\"350\" frameborder=\"0\" scrolling=\"no\" marginheight=\"0\" marginwidth=\"0\" src=\"https:\/\/www.google.com\/maps\/embed?pb=!1m18!1m12!1m3!1d2495.5679857776063!2d18.791819215761628!3d51.282270879598656!2m3!1f0!2f0!3f0!3m2!1i1024!2i768!4f13.1!3m3!1m2!1s0x0000000000000000%3A0x8a0b204f6711c300!2sHOTEL+SYMFONIA*2A*2A*2A!5e0!3m2!1spl!2spl!4v1444818664012&amp;t=m&amp;z=14&amp;output=embed\"><\/iframe><\/p>\n    <\/div>\n<\/div>\n<!-- \/module text -->        <\/div>\n                        <\/div>\n        <\/div>\n        <\/div>\n<!--\/themify_builder_content-->","protected":false},"excerpt":{"rendered":"<p>Hotel Symfonia *** ONLY 15 MINUTES WAY FROM WIELU\u0143 AND 30 MINUTES WAY FROM BE\u0141CHAT\u00d3W Quick contact +48 43 845 35 50 +48 512 091 215 +48 43 845 35 90 marketing@hotelsymfonia.pl Name Email Message * Phone number Send message<\/p>\n","protected":false},"author":1,"featured_media":0,"parent":0,"menu_order":0,"comment_status":"closed","ping_status":"closed","template":"","meta":{"footnotes":""},"class_list":["post-496","page","type-page","status-publish","hentry","has-post-title","has-post-date","has-post-category","has-post-tag","has-post-comment","has-post-author",""],"builder_content":"<h3>Hotel Symfonia ***<\/h3> <p>ONLY 15 MINUTES WAY FROM WIELU\u0143 AND 30 MINUTES WAY FROM BE\u0141CHAT\u00d3W<\/p>\n<img src=\"http:\/\/www.hotelsymfonia.pl\/wp-content\/uploads\/2019\/10\/wesele-w-hotelu-symfonia-21.jpg\" width=\"798\" height=\"480\" title=\"Contact\" alt=\"Contact\">\n<h1>Quick contact<br\/><\/h1>\n<p> <a href=\"tel:+48438453550\">+48 43 845 35 50<\/a><\/p> <p> <a href=\"tel:+48512091215\">+48 512 091 215<\/a><\/p> <p> <a href=\"+48438453590\">+48 43 845 35 90<\/a><\/p> <p> <a href=\"mailto:marketing@hotelsymfonia.pl\">marketing@hotelsymfonia.pl<\/a><\/p>\n<form id=\"tb_d617393-form\" method=\"post\" data-post-id=\"0\" data-element-id=\"d617393\" data-orig-id=\"496\" > <label for=\"tb_d617393-contact-name\"> Name <\/label> <input type=\"text\" name=\"contact-name\" placeholder=\"\" id=\"tb_d617393-contact-name\" value=\"\" > <label for=\"tb_d617393-contact-email\"> Email <\/label> <input type=\"email\" name=\"contact-email\" placeholder=\"\" id=\"tb_d617393-contact-email\" value=\"\" > <label for=\"field_extra_tb_d617393_0\"> Phone number <input type=\"hidden\" name=\"field_extra_name_0\" value=\"Phone number\"> <\/label> <input type=\"tel\" name=\"field_extra_0\" id=\"field_extra_tb_d617393_0\" placeholder=\"\"> <label for=\"tb_d617393-contact-message\"> Message <\/label> <textarea name=\"contact-message\" placeholder=\"\" id=\"tb_d617393-contact-message\"><\/textarea> <button type=\"submit\"> Send message <\/button> <\/form>\n<p><iframe loading=\"lazy\" width=\"100%\" height=\"350\" frameborder=\"0\" scrolling=\"no\" marginheight=\"0\" marginwidth=\"0\" src=\"https:\/\/www.google.com\/maps\/embed?pb=!1m18!1m12!1m3!1d2495.5679857776063!2d18.791819215761628!3d51.282270879598656!2m3!1f0!2f0!3f0!3m2!1i1024!2i768!4f13.1!3m3!1m2!1s0x0000000000000000%3A0x8a0b204f6711c300!2sHOTEL+SYMFONIA*2A*2A*2A!5e0!3m2!1spl!2spl!4v1444818664012&amp;t=m&amp;z=14&amp;output=embed\"><\/iframe><\/p>","_links":{"self":[{"href":"https:\/\/www.hotelsymfonia.pl\/en\/wp-json\/wp\/v2\/pages\/496","targetHints":{"allow":["GET"]}}],"collection":[{"href":"https:\/\/www.hotelsymfonia.pl\/en\/wp-json\/wp\/v2\/pages"}],"about":[{"href":"https:\/\/www.hotelsymfonia.pl\/en\/wp-json\/wp\/v2\/types\/page"}],"author":[{"embeddable":true,"href":"https:\/\/www.hotelsymfonia.pl\/en\/wp-json\/wp\/v2\/users\/1"}],"replies":[{"embeddable":true,"href":"https:\/\/www.hotelsymfonia.pl\/en\/wp-json\/wp\/v2\/comments?post=496"}],"version-history":[{"count":5,"href":"https:\/\/www.hotelsymfonia.pl\/en\/wp-json\/wp\/v2\/pages\/496\/revisions"}],"predecessor-version":[{"id":533,"href":"https:\/\/www.hotelsymfonia.pl\/en\/wp-json\/wp\/v2\/pages\/496\/revisions\/533"}],"wp:attachment":[{"href":"https:\/\/www.hotelsymfonia.pl\/en\/wp-json\/wp\/v2\/media?parent=496"}],"curies":[{"name":"wp","href":"https:\/\/api.w.org\/{rel}","templated":true}]}}